{"id":12,"date":"2025-10-26T09:15:19","date_gmt":"2025-10-26T09:15:19","guid":{"rendered":"https:\/\/mybeesweets.com\/?page_id=12"},"modified":"2025-12-10T05:34:23","modified_gmt":"2025-12-10T05:34:23","slug":"elallas_visszakuldes","status":"publish","type":"page","link":"https:\/\/mybeesweets.com\/en\/elallas_visszakuldes\/","title":{"rendered":"Refund and return policy"},"content":{"rendered":"<p><\/p>\n\n\n\n<h2 class=\"wp-block-heading\">\u00c1ttekint\u00e9s<\/h2>\n\n\n\n<p>A visszat\u00e9r\u00edt\u00e9si \u00e9s visszak\u00fcld\u00e9si szab\u00e1lyzatunk 15 napig \u00e9rv\u00e9nyes. Ha a v\u00e1s\u00e1rl\u00e1s \u00f3ta 15 nap eltelt, nem tudunk teljes visszat\u00e9r\u00edt\u00e9st vagy cser\u00e9t k\u00edn\u00e1lni.<\/p>\n\n\n\n<p>A visszak\u00fcld\u00e9shez a term\u00e9knek haszn\u00e1latlannak \u00e9s ugyanolyan \u00e1llapotban kell lennie, mint ahogyan megkapta. Az eredeti csomagol\u00e1sban kell lennie.<\/p>\n\n\n\n<p>A visszak\u00fcld\u00e9shez blokkra vagy v\u00e1s\u00e1rl\u00e1st igazol\u00f3 bizonylatra van sz\u00fcks\u00e9g\u00fcnk.<\/p>\n\n\n\n<p>K\u00e9rj\u00fck, ne k\u00fcldje vissza a v\u00e1s\u00e1rolt term\u00e9ket a gy\u00e1rt\u00f3nak.<\/p>\n\n\n\n<p>Vannak olyan esetek, amikor csak r\u00e9szleges visszat\u00e9r\u00edt\u00e9st biztos\u00edtanak:<\/p>\n\n\n\n<ul class=\"wp-block-list\">\n<li>Nyilv\u00e1nval\u00f3an haszn\u00e1lt term\u00e9k <\/li>\n\n\n\n<li>Olyan term\u00e9k, aminek megbontott a csomagol\u00e1sa <\/li>\n\n\n\n<li>B\u00e1rmely term\u00e9k, ami nem ker\u00fclt visszak\u00fcld\u00e9sre a v\u00e1s\u00e1rl\u00e1st\u00f3l sz\u00e1m\u00edtott 15 napon bel\u00fcl<\/li>\n<\/ul>\n\n\n\n<h2 class=\"wp-block-heading\">Visszat\u00e9r\u00edt\u00e9sek<\/h2>\n\n\n\n<p>Miut\u00e1n megkaptuk \u00e9s megvizsg\u00e1ltuk a visszak\u00fcld\u00f6tt term\u00e9ket, e-mailben \u00e9rtes\u00edtj\u00fck a visszak\u00fcld\u00f6tt term\u00e9k meg\u00e9rkez\u00e9s\u00e9r\u0151l. \u00c9rtes\u00edteni fogjuk a visszat\u00e9r\u00edt\u00e9s j\u00f3v\u00e1hagy\u00e1s\u00e1r\u00f3l vagy elutas\u00edt\u00e1s\u00e1r\u00f3l is.<\/p>\n\n\n\n<p>Ha j\u00f3v\u00e1hagyj\u00e1k, akkor a visszat\u00e9r\u00edt\u00e9st feldolgozzuk, \u00e9s a j\u00f3v\u00e1\u00edr\u00e1s automatikusan megt\u00f6rt\u00e9nik a hitelk\u00e1rty\u00e1j\u00e1n vagy az eredeti fizet\u00e9si m\u00f3dj\u00e1n.<\/p>\n\n\n\n<h3 class=\"wp-block-heading\">K\u00e9sett vagy meg nem val\u00f3sult visszat\u00e9r\u00edt\u00e9sek<\/h3>\n\n\n\n<p>Ha m\u00e9g nem kapta meg a visszat\u00e9r\u00edt\u00e9st, el\u0151sz\u00f6r ellen\u0151rizze \u00fajra a banksz\u00e1ml\u00e1j\u00e1t.<\/p>\n\n\n\n<p>Ezut\u00e1n vegye fel a kapcsolatot a hitelk\u00e1rtya-t\u00e1rsas\u00e1g\u00e1val, eltarthat egy ideig, am\u00edg a visszat\u00e9r\u00edt\u00e9s hivatalosan j\u00f3v\u00e1\u00edr\u00e1sra ker\u00fcl.<\/p>\n\n\n\n<p>Ezut\u00e1n vegye fel a kapcsolatot a bankj\u00e1val. A visszat\u00e9r\u00edt\u00e9s j\u00f3v\u00e1\u00edr\u00e1sa el\u0151tt gyakran eltarthat egy ideig a feldolgoz\u00e1s.<\/p>\n\n\n\n<p>Ha mindezt megtette, \u00e9s m\u00e9g mindig nem kapta meg a visszat\u00e9r\u00edt\u00e9st, k\u00e9rj\u00fck, vegye fel vel\u00fcnk a kapcsolatot az info@mybeesweets.com c\u00edmen.<\/p>\n\n\n\n<h3 class=\"wp-block-heading\">Akci\u00f3s term\u00e9kek<\/h3>\n\n\n\n<p>Csak a norm\u00e1l \u00e1r\u00fa term\u00e9kek visszat\u00e9r\u00edt\u00e9s\u00e9re van lehet\u0151s\u00e9g. Az akci\u00f3s term\u00e9kek nem visszat\u00e9r\u00edthet\u0151k.<\/p>\n\n\n\n<h2 class=\"wp-block-heading\">Term\u00e9kcsere<\/h2>\n\n\n\n<p>Csak akkor cser\u00e9lj\u00fck ki a term\u00e9keket, ha hib\u00e1sak vagy s\u00e9r\u00fcltek. Ha ugyanarra a term\u00e9kre szeretn\u00e9 cser\u00e9lni, k\u00fcldj\u00f6n nek\u00fcnk egy e-mailt a {email address} c\u00edmre, \u00e9s k\u00fcldje el a term\u00e9ket a k\u00f6vetkez\u0151 c\u00edmre: 8060 M\u00f3r, Millenium T\u00e9r 4 II\/15.<\/p>\n\n\n\n<h2 class=\"wp-block-heading\">Aj\u00e1nd\u00e9kok<\/h2>\n\n\n\n<p>Ha a term\u00e9ket v\u00e1s\u00e1rl\u00e1skor aj\u00e1nd\u00e9kk\u00e9nt jel\u00f6lt\u00e9k meg, \u00e9s k\u00f6zvetlen\u00fcl \u00d6nnek sz\u00e1ll\u00edtott\u00e1k, akkor a visszak\u00fcld\u00f6tt term\u00e9k \u00e9rt\u00e9k\u00e9nek megfelel\u0151 aj\u00e1nd\u00e9kutalv\u00e1nyt kap. Amint a visszak\u00fcld\u00f6tt term\u00e9ket megkapjuk, aj\u00e1nd\u00e9kutalv\u00e1nyt k\u00fcld\u00fcnk \u00d6nnek post\u00e1n.<\/p>\n\n\n\n<p>Ha a term\u00e9ket v\u00e1s\u00e1rl\u00e1skor nem aj\u00e1nd\u00e9kk\u00e9nt jel\u00f6lt\u00e9k meg, vagy az aj\u00e1nd\u00e9koz\u00f3 k\u00e9rte a megrendel\u00e9s kisz\u00e1ll\u00edt\u00e1s\u00e1t, hogy k\u00e9s\u0151bb \u00e1tadja \u00d6nnek, akkor visszat\u00e9r\u00edt\u00e9st k\u00fcld\u00fcnk az aj\u00e1nd\u00e9koz\u00f3nak, \u00e9s \u0151 \u00e9rtes\u00edti a visszak\u00fcld\u00e9sr\u0151l.<\/p>\n\n\n\n<h2 class=\"wp-block-heading\">Term\u00e9kek visszapost\u00e1z\u00e1sa<\/h2>\n\n\n\n<p>A term\u00e9k visszak\u00fcld\u00e9s\u00e9hez a k\u00f6vetkez\u0151 c\u00edmre kell k\u00fcldenie a term\u00e9ket: 8060 M\u00f3r, Millenium T\u00e9r 4 II\/15.<\/p>\n\n\n\n<p>A term\u00e9k visszak\u00fcld\u00e9s\u00e9nek sz\u00e1ll\u00edt\u00e1si k\u00f6lts\u00e9geit \u00d6n viseli. A sz\u00e1ll\u00edt\u00e1si k\u00f6lts\u00e9gek nem visszat\u00e9r\u00edthet\u0151k. Ha visszat\u00e9r\u00edt\u00e9st kap, a visszak\u00fcld\u00e9s k\u00f6lts\u00e9ge levon\u00e1sra ker\u00fcl a visszat\u00e9r\u00edt\u00e9sb\u0151l.<\/p>\n\n\n\n<p>A kicser\u00e9lt term\u00e9k meg\u00e9rkez\u00e9s\u00e9nek id\u0151tartama a lak\u00f3hely\u00e9t\u0151l f\u00fcgg\u0151en v\u00e1ltozhat.<\/p>\n\n\n\n<p>Ha dr\u00e1g\u00e1bb term\u00e9keket k\u00fcld vissza, \u00e9rdemes lehet nyomon k\u00f6vethet\u0151 sz\u00e1ll\u00edt\u00e1si szolg\u00e1ltat\u00e1st ig\u00e9nybe vennie, vagy sz\u00e1ll\u00edt\u00e1si biztos\u00edt\u00e1st k\u00f6tnie. Nem garant\u00e1ljuk, hogy megkapjuk a visszak\u00fcld\u00f6tt term\u00e9ket.item.<\/p>\n\n\n\n<h2 class=\"wp-block-heading\">Seg\u00edts\u00e9gre van sz\u00fcks\u00e9ge?<\/h2>\n\n\n\n<p>\u00cdrjon nek\u00fcnk az info@mybeesweets.com email c\u00edmre visszak\u00fcld\u00e9si \u00e9s visszat\u00e9r\u00edt\u00e9si szab\u00e1lyzattal kapcsolatban.<\/p>\n\n\n\n<p style=\"font-size:7px\">K\u00f6telez\u0151en ki\u00edrand\u00f3 Magyar Posta Sz\u00e1ll\u00edt\u00e1si D\u00edjak:<br><br>H\u00e1zn\u00e1l t\u00f6rt\u00e9n\u0151 k\u00e9zbes\u00edt\u00e9s eset\u00e9n 2kg-ig: 2990 HUF<br>Post\u00e1n marad\u00f3 \u00e9s PostaPontra t\u00f6rt\u00e9n\u0151 c\u00edmz\u00e9s eset\u00e9n 2kg-ig: 1490 HUF<br>Csomagautomat\u00e1ra t\u00f6rt\u00e9n\u0151 c\u00edmz\u00e9s eset\u00e9n: 1490 HUF<\/p>\n\n\n\n<p><\/p>","protected":false},"excerpt":{"rendered":"<p>\u00c1ttekint\u00e9s A visszat\u00e9r\u00edt\u00e9si \u00e9s visszak\u00fcld\u00e9si szab\u00e1lyzatunk 15 napig \u00e9rv\u00e9nyes. Ha a v\u00e1s\u00e1rl\u00e1s \u00f3ta 15 nap eltelt, nem tudunk teljes visszat\u00e9r\u00edt\u00e9st vagy cser\u00e9t k\u00edn\u00e1lni. A visszak\u00fcld\u00e9shez a term\u00e9knek haszn\u00e1latlannak \u00e9s ugyanolyan \u00e1llapotban kell lennie, mint ahogyan megkapta. Az eredeti csomagol\u00e1sban kell lennie. A visszak\u00fcld\u00e9shez blokkra vagy v\u00e1s\u00e1rl\u00e1st igazol\u00f3 bizonylatra van sz\u00fcks\u00e9g\u00fcnk. K\u00e9rj\u00fck, ne k\u00fcldje vissza a [&hellip;]<\/p>\n","protected":false},"author":1,"featured_media":120,"parent":0,"menu_order":0,"comment_status":"closed","ping_status":"closed","template":"","meta":{"footnotes":""},"class_list":["post-12","page","type-page","status-publish","has-post-thumbnail","hentry"],"jetpack_sharing_enabled":true,"_links":{"self":[{"href":"https:\/\/mybeesweets.com\/en\/wp-json\/wp\/v2\/pages\/12","targetHints":{"allow":["GET"]}}],"collection":[{"href":"https:\/\/mybeesweets.com\/en\/wp-json\/wp\/v2\/pages"}],"about":[{"href":"https:\/\/mybeesweets.com\/en\/wp-json\/wp\/v2\/types\/page"}],"author":[{"embeddable":true,"href":"https:\/\/mybeesweets.com\/en\/wp-json\/wp\/v2\/users\/1"}],"replies":[{"embeddable":true,"href":"https:\/\/mybeesweets.com\/en\/wp-json\/wp\/v2\/comments?post=12"}],"version-history":[{"count":5,"href":"https:\/\/mybeesweets.com\/en\/wp-json\/wp\/v2\/pages\/12\/revisions"}],"predecessor-version":[{"id":500,"href":"https:\/\/mybeesweets.com\/en\/wp-json\/wp\/v2\/pages\/12\/revisions\/500"}],"wp:featuredmedia":[{"embeddable":true,"href":"https:\/\/mybeesweets.com\/en\/wp-json\/wp\/v2\/media\/120"}],"wp:attachment":[{"href":"https:\/\/mybeesweets.com\/en\/wp-json\/wp\/v2\/media?parent=12"}],"curies":[{"name":"wp","href":"https:\/\/api.w.org\/{rel}","templated":true}]}}