{"id":514,"date":"2025-12-04T08:06:16","date_gmt":"2025-12-04T08:06:16","guid":{"rendered":"https:\/\/mybeesweets.com\/sutikezeles-iranyelvei\/"},"modified":"2026-01-19T18:51:13","modified_gmt":"2026-01-19T18:51:13","slug":"sutikezeles-iranyelvei","status":"publish","type":"page","link":"https:\/\/mybeesweets.com\/en\/sutikezeles-iranyelvei\/","title":{"rendered":"S\u00fctikezel\u00e9s Ir\u00e1nyelvei"},"content":{"rendered":"<h1 class=\"wp-block-heading\"><\/h1>\n\n\n\n<p>Ez a S\u00fctiszab\u00e1lyzat utolj\u00e1ra <strong>2025. december 4-\u00e9n<\/strong> friss\u00fclt, \u00e9s az Eur\u00f3pai Gazdas\u00e1gi T\u00e9rs\u00e9g \u00e9s Sv\u00e1jc \u00e1llampolg\u00e1raira \u00e9s \u00e1lland\u00f3 lakosaira vonatkozik.<\/p>\n\n\n\n<h3 class=\"wp-block-heading\">1. Bevezet\u00e9s<\/h3>\n\n\n\n<p>Weboldalunk, a <strong><a target=\"_blank\" rel=\"noreferrer noopener\" href=\"https:\/\/mybeesweets.com\/en\/\">https:\/\/mybeesweets.com<\/a><\/strong> (a tov\u00e1bbiakban: &#8220;a weboldal&#8221;) s\u00fctiket \u00e9s egy\u00e9b kapcsol\u00f3d\u00f3 technol\u00f3gi\u00e1kat haszn\u00e1l (a k\u00e9nyelem kedv\u00e9\u00e9rt minden technol\u00f3gi\u00e1t &#8220;s\u00fctinek&#8221; nevez\u00fcnk). S\u00fctiket az \u00e1ltalunk ig\u00e9nybe vett harmadik felek is elhelyezhetnek. Az al\u00e1bbi dokumentumban t\u00e1j\u00e9koztatjuk \u00d6nt a weboldalunkon t\u00f6rt\u00e9n\u0151 s\u00fctihaszn\u00e1latr\u00f3l.<\/p>\n\n\n\n<h3 class=\"wp-block-heading\">2. Mik azok a s\u00fctik?<\/h3>\n\n\n\n<p>A s\u00fcti egy kis egyszer\u0171 f\u00e1jl, amelyet a webhely oldalair\u00f3l k\u00fcldenek el, \u00e9s amelyet a b\u00f6ng\u00e9sz\u0151je t\u00e1rol a sz\u00e1m\u00edt\u00f3g\u00e9pe vagy m\u00e1s eszk\u00f6ze merevlemez\u00e9n. Az ott t\u00e1rolt inform\u00e1ci\u00f3k egy k\u00e9s\u0151bbi l\u00e1togat\u00e1s sor\u00e1n visszaker\u00fclhetnek szervereinkre vagy az \u00e9rintett harmadik felek szervereire.<\/p>\n\n\n\n<h3 class=\"wp-block-heading\">3. Mik azok a szkriptek?<\/h3>\n\n\n\n<p>A szkript egy programk\u00f3d darab, amely weboldalunk megfelel\u0151 \u00e9s interakt\u00edv m\u0171k\u00f6d\u00e9s\u00e9t seg\u00edti. Ez a k\u00f3d a szerver\u00fcnk\u00f6n vagy az \u00d6n eszk\u00f6z\u00e9n fut le.<\/p>\n\n\n\n<h3 class=\"wp-block-heading\">4. Mi az a web beacon?<\/h3>\n\n\n\n<p>A web beacon (vagy pixel tag) egy kism\u00e9ret\u0171, l\u00e1thatatlan sz\u00f6veg- vagy k\u00e9pr\u00e9szlet egy webhelyen, amelyet a webhely forgalm\u00e1nak figyel\u00e9s\u00e9re haszn\u00e1lnak. Ehhez a web beacon\u00f6k seg\u00edts\u00e9g\u00e9vel k\u00fcl\u00f6nf\u00e9le adatokat t\u00e1rolunk \u00d6nr\u0151l.<\/p>\n\n\n\n<h3 class=\"wp-block-heading\">5. S\u00fctik<\/h3>\n\n\n\n<p><strong>5.1 Technikai vagy funkcion\u00e1lis s\u00fctik<\/strong><sup><\/sup> Egyes s\u00fctik biztos\u00edtj\u00e1k, hogy a weboldal bizonyos r\u00e9szei megfelel\u0151en m\u0171k\u00f6djenek, \u00e9s hogy az \u00d6n felhaszn\u00e1l\u00f3i preferenci\u00e1i ismertek maradjanak. Funkci<sup><\/sup>on\u00e1lis s\u00fctik elhelyez\u00e9s\u00e9vel megk\u00f6nny\u00edtj\u00fck weboldalunk l\u00e1togat\u00e1s\u00e1t. \u00cdgy nem kell t\u00f6bbsz\u00f6r megadnia ugyanazokat az inform\u00e1ci\u00f3kat, \u00e9s p\u00e9ld\u00e1ul a term\u00e9kek a kosar\u00e1ban maradnak a fizet\u00e9sig. Ezeket a s\u00fctiket az \u00d6n hozz\u00e1j\u00e1rul\u00e1sa n\u00e9lk\u00fcl is elhelyezhetj\u00fck.<\/p>\n\n\n\n<p><strong>5.2 Statisztikai s\u00fctik<\/strong> Statisztikai s\u00fctiket haszn\u00e1lunk, hogy optimaliz\u00e1ljuk a weboldal \u00e9lm\u00e9ny\u00e9t felhaszn\u00e1l\u00f3ink sz\u00e1m\u00e1ra. Ezekkel a statisztikai s\u00fctikkel betekint\u00e9st nyer\u00fcnk weboldalunk haszn\u00e1lat\u00e1ba. A statisztikai s\u00fctik elhelyez\u00e9s\u00e9hez az \u00d6n enged\u00e9ly\u00e9t k\u00e9rj\u00fck.<\/p>\n\n\n\n<p><strong>5.3 Hirdet\u00e9si s\u00fctik<\/strong> Ezen a weboldalon hirdet\u00e9si s\u00fctiket haszn\u00e1lunk, amelyek lehet\u0151v\u00e9 teszik sz\u00e1munkra, hogy betekint\u00e9st nyerj\u00fcnk a kamp\u00e1nyeredm\u00e9nyekbe. Ez egy profil alapj\u00e1n t\u00f6rt\u00e9nik, amelyet az \u00d6n viselked\u00e9se alapj\u00e1n hozunk l\u00e9tre a <strong><a target=\"_blank\" rel=\"noreferrer noopener\" href=\"https:\/\/mybeesweets.com\/en\/\">https:\/\/mybeesweets.com<\/a><\/strong> oldalon. Ezekkel a s\u00fctikkel \u00d6nt, mint webhelyl\u00e1togat\u00f3t, egy egyedi azonos\u00edt\u00f3hoz kapcsoljuk, de ezek a s\u00fctik nem profilozz\u00e1k az \u00d6n viselked\u00e9s\u00e9t \u00e9s \u00e9rdekl\u0151d\u00e9s\u00e9t szem\u00e9lyre szabott hirdet\u00e9sek megjelen\u00edt\u00e9se c\u00e9lj\u00e1b\u00f3l.<\/p>\n\n\n\n<p><strong>5.4 Marketing\/K\u00f6vet\u0151 s\u00fctik<\/strong> A marketing\/k\u00f6vet\u0151 s\u00fctik olyan s\u00fctik vagy b\u00e1rmely m\u00e1s helyi t\u00e1rol\u00e1si m\u00f3d, amelyeket felhaszn\u00e1l\u00f3i profilok l\u00e9trehoz\u00e1s\u00e1ra haszn\u00e1lnak hirdet\u00e9sek megjelen\u00edt\u00e9se c\u00e9lj\u00e1b\u00f3l, vagy a felhaszn\u00e1l\u00f3 nyomon k\u00f6vet\u00e9s\u00e9re ezen a weboldalon vagy t\u00f6bb weboldalon kereszt\u00fcl hasonl\u00f3 marketing c\u00e9lokb\u00f3l. Mivel ezek k\u00f6vet\u0151 s\u00fctiknek min\u0151s\u00fclnek, enged\u00e9lyt k\u00e9r\u00fcnk az elhelyez\u00e9s\u00fckh\u00f6z.<\/p>\n\n\n\n<p><strong>5.5 K\u00f6z\u00f6ss\u00e9gi m\u00e9dia<\/strong> Weboldalunkon a Facebook, WhatsApp, Instagram, TikTok \u00e9s Pinterest tartalm\u00e1t jelen\u00edtj\u00fck meg, hogy n\u00e9pszer\u0171s\u00edts\u00fck (pl. \u201elike\u201d, \u201epin\u201d) vagy megosszuk (pl. \u201etweet\u201d) az oldalakat az olyan k\u00f6z\u00f6ss\u00e9gi h\u00e1l\u00f3zatokon, mint a Facebook, WhatsApp, Instagram, TikTok \u00e9s Pinterest. Ez a tartalom a Facebook, WhatsApp, Instagram, TikTok \u00e9s Pinterest k\u00f3dr\u00e9szleteivel van be\u00e1gyazva, \u00e9s s\u00fctiket helyez el. Ezek a tartalmak bizonyos inform\u00e1ci\u00f3kat t\u00e1rolhatnak \u00e9s dolgozhatnak fel a szem\u00e9lyre szabott hirdet\u00e9sekhez. K\u00e9rj\u00fck, olvassa el ezen k\u00f6z\u00f6ss\u00e9gi h\u00e1l\u00f3zatok adatv\u00e9delmi nyilatkozat\u00e1t a r\u00e9szletek\u00e9rt.<\/p>\n\n\n\n<hr class=\"wp-block-separator has-alpha-channel-opacity\"\/>\n\n\n\n<h3 class=\"wp-block-heading\">6. Elhelyezett s\u00fctik<\/h3>\n\n\n\n<p><em>(Ebben a r\u00e9szben a list\u00e1d m\u00e1r nagyr\u00e9szt magyar nyelv\u0171 volt, \u00edgy a legfontosabb kateg\u00f3ri\u00e1kat foglaltam \u00f6ssze)<\/em><\/p>\n\n\n\n<ul class=\"wp-block-list\">\n<li><strong>WooCommerce:<\/strong> Funkcion\u00e1lis (Kos\u00e1r kezel\u00e9se)<\/li>\n\n\n\n<li><strong>Facebook:<\/strong> Marketing \u00e9s Funkcion\u00e1lis (Hirdet\u00e9sek \u00e9s k\u00f6z\u00f6ss\u00e9gi funkci\u00f3k)<\/li>\n\n\n\n<li><strong>WhatsApp:<\/strong> Funkcion\u00e1lis (Chat szolg\u00e1ltat\u00e1s)<\/li>\n\n\n\n<li><strong>TikTok:<\/strong> Marketing \u00e9s Funkcion\u00e1lis (Vide\u00f3megjelen\u00edt\u00e9s)<\/li>\n\n\n\n<li><strong>Complianz:<\/strong> Funkcion\u00e1lis (S\u00fcti-hozz\u00e1j\u00e1rul\u00e1s kezel\u00e9se)<\/li>\n\n\n\n<li><strong>Stripe:<\/strong> Funkcion\u00e1lis (Fizet\u00e9s feldolgoz\u00e1sa, csal\u00e1smegel\u0151z\u00e9s)<\/li>\n\n\n\n<li><strong>Google Analytics:<\/strong> Statisztika (L\u00e1togatotts\u00e1gi adatok)<\/li>\n<\/ul>\n\n\n\n<hr class=\"wp-block-separator has-alpha-channel-opacity\"\/>\n\n\n\n<h3 class=\"wp-block-heading\">7. Hozz\u00e1j\u00e1rul\u00e1s<\/h3>\n\n\n\n<p>Amikor el\u0151sz\u00f6r l\u00e1togatja meg weboldalunkat, egy felugr\u00f3 ablakot mutatunk be a s\u00fctikkel kapcsolatos magyar\u00e1zattal. Amint a <strong>&#8220;Be\u00e1ll\u00edt\u00e1sok ment\u00e9se&#8221;<\/strong> gombra kattint, hozz\u00e1j\u00e1rul ahhoz, hogy a felugr\u00f3 ablakban kiv\u00e1lasztott s\u00fctikateg\u00f3ri\u00e1kat \u00e9s be\u00e9p\u00fcl\u0151 modulokat haszn\u00e1ljuk a jelen S\u00fctiszab\u00e1lyzatban le\u00edrtak szerint. A s\u00fctik haszn\u00e1lat\u00e1t a b\u00f6ng\u00e9sz\u0151j\u00e9n kereszt\u00fcl letilthatja, de vegye figyelembe, hogy weboldalunk ezut\u00e1n esetleg nem fog megfelel\u0151en m\u0171k\u00f6dni.<\/p>\n\n\n\n<h3 class=\"wp-block-heading\">8. S\u00fctik enged\u00e9lyez\u00e9se\/letilt\u00e1sa \u00e9s t\u00f6rl\u00e9se<\/h3>\n\n\n\n<p>Az internetb\u00f6ng\u00e9sz\u0151j\u00e9vel automatikusan vagy manu\u00e1lisan t\u00f6r\u00f6lheti a s\u00fctiket. Azt is megadhatja, hogy bizonyos s\u00fctik ne ker\u00fcljenek elhelyez\u00e9sre. Egy m\u00e1sik lehet\u0151s\u00e9g a b\u00f6ng\u00e9sz\u0151 be\u00e1ll\u00edt\u00e1sainak m\u00f3dos\u00edt\u00e1sa, hogy minden alkalommal \u00fczenetet kapjon, amikor egy s\u00fcti elhelyez\u00e9sre ker\u00fcl. Tov\u00e1bbi inform\u00e1ci\u00f3k\u00e9rt olvassa el a b\u00f6ng\u00e9sz\u0151je S\u00fag\u00f3 r\u00e9sz\u00e9t.<\/p>\n\n\n\n<h3 class=\"wp-block-heading\">9. Az \u00d6n szem\u00e9lyes adatokkal kapcsolatos jogai<\/h3>\n\n\n\n<p>\u00d6nt a k\u00f6vetkez\u0151 jogok illetik meg:<\/p>\n\n\n\n<ul class=\"wp-block-list\">\n<li><strong>T\u00e1j\u00e9koztat\u00e1shoz val\u00f3 jog:<\/strong> Joga van tudni, mi\u00e9rt van sz\u00fcks\u00e9g a szem\u00e9lyes adataira, mi t\u00f6rt\u00e9nik vel\u00fck, \u00e9s meddig t\u00e1roljuk azokat.<\/li>\n\n\n\n<li><strong>Hozz\u00e1f\u00e9r\u00e9si jog:<\/strong> Joga van hozz\u00e1f\u00e9rni az \u00e1ltalunk ismert szem\u00e9lyes adataihoz.<\/li>\n\n\n\n<li><strong>Helyesb\u00edt\u00e9shez val\u00f3 jog:<\/strong> Joga van szem\u00e9lyes adatait kieg\u00e9sz\u00edteni, jav\u00edtani, t\u00f6r\u00f6lni vagy blokkolni.<\/li>\n\n\n\n<li><strong>Visszavon\u00e1shoz val\u00f3 jog:<\/strong> Ha hozz\u00e1j\u00e1rul\u00e1s\u00e1t adta adatai kezel\u00e9s\u00e9hez, joga van ezt visszavonni \u00e9s adatait t\u00f6r\u00f6ltetni.<\/li>\n\n\n\n<li><strong>Adathordozhat\u00f3s\u00e1ghoz val\u00f3 jog:<\/strong> Joga van elk\u00e9rni minden szem\u00e9lyes adat\u00e1t az adatkezel\u0151t\u0151l, \u00e9s azokat \u00e1tadni egy m\u00e1sik adatkezel\u0151nek.<\/li>\n\n\n\n<li><strong>Tiltakoz\u00e1shoz val\u00f3 jog:<\/strong> Tiltakozhat adatai kezel\u00e9se ellen. Ennek eleget tesz\u00fcnk, kiv\u00e9ve, ha az adatkezel\u00e9snek alapos indoka van.<\/li>\n<\/ul>\n\n\n\n<p>Ezen jogok gyakorl\u00e1s\u00e1hoz k\u00e9rj\u00fck, vegye fel vel\u00fcnk a kapcsolatot az al\u00e1bbi adatokon kereszt\u00fcl. Ha panasza van az adatai kezel\u00e9s\u00e9vel kapcsolatban, jelezze nek\u00fcnk, de joga van panasszal \u00e9lni a fel\u00fcgyeleti hat\u00f3s\u00e1gn\u00e1l (NAIH) is.<\/p>\n\n\n\n<h3 class=\"wp-block-heading\">10. Kapcsolattart\u00e1si adatok<\/h3>\n\n\n\n<p>A S\u00fctiszab\u00e1lyzattal kapcsolatos k\u00e9rd\u00e9sek \u00e9s\/vagy \u00e9szrev\u00e9telek eset\u00e9n k\u00e9rj\u00fck, vegye fel vel\u00fcnk a kapcsolatot:<\/p>\n\n\n\n<p><strong>MyBee Global Kft.<\/strong> 8060 M\u00f3r, Millenium t\u00e9r 4. 2\/15 Magyarorsz\u00e1g Weboldal: <a target=\"_blank\" rel=\"noreferrer noopener\" href=\"https:\/\/mybeesweets.com\/en\/\">https:\/\/mybeesweets.com<\/a> Email: info@mybeesweets.com<\/p>\n\n\n\n<p>Ez a S\u00fctiszab\u00e1lyzat szinkroniz\u00e1lva lett a cookiedatabase.org oldallal <strong>2026. janu\u00e1r 5-\u00e9n<\/strong>.<\/p>","protected":false},"excerpt":{"rendered":"<p>Ez a S\u00fctiszab\u00e1lyzat utolj\u00e1ra 2025. december 4-\u00e9n friss\u00fclt, \u00e9s az Eur\u00f3pai Gazdas\u00e1gi T\u00e9rs\u00e9g \u00e9s Sv\u00e1jc \u00e1llampolg\u00e1raira \u00e9s \u00e1lland\u00f3 lakosaira vonatkozik. 1. Bevezet\u00e9s Weboldalunk, a https:\/\/mybeesweets.com (a tov\u00e1bbiakban: &#8220;a weboldal&#8221;) s\u00fctiket \u00e9s egy\u00e9b kapcsol\u00f3d\u00f3 technol\u00f3gi\u00e1kat haszn\u00e1l (a k\u00e9nyelem kedv\u00e9\u00e9rt minden technol\u00f3gi\u00e1t &#8220;s\u00fctinek&#8221; nevez\u00fcnk). S\u00fctiket az \u00e1ltalunk ig\u00e9nybe vett harmadik felek is elhelyezhetnek. Az al\u00e1bbi dokumentumban t\u00e1j\u00e9koztatjuk [&hellip;]<\/p>\n","protected":false},"author":1,"featured_media":120,"parent":0,"menu_order":0,"comment_status":"closed","ping_status":"closed","template":"","meta":{"footnotes":""},"class_list":["post-514","page","type-page","status-publish","has-post-thumbnail","hentry"],"jetpack_sharing_enabled":true,"_links":{"self":[{"href":"https:\/\/mybeesweets.com\/en\/wp-json\/wp\/v2\/pages\/514","targetHints":{"allow":["GET"]}}],"collection":[{"href":"https:\/\/mybeesweets.com\/en\/wp-json\/wp\/v2\/pages"}],"about":[{"href":"https:\/\/mybeesweets.com\/en\/wp-json\/wp\/v2\/types\/page"}],"author":[{"embeddable":true,"href":"https:\/\/mybeesweets.com\/en\/wp-json\/wp\/v2\/users\/1"}],"replies":[{"embeddable":true,"href":"https:\/\/mybeesweets.com\/en\/wp-json\/wp\/v2\/comments?post=514"}],"version-history":[{"count":2,"href":"https:\/\/mybeesweets.com\/en\/wp-json\/wp\/v2\/pages\/514\/revisions"}],"predecessor-version":[{"id":744,"href":"https:\/\/mybeesweets.com\/en\/wp-json\/wp\/v2\/pages\/514\/revisions\/744"}],"wp:featuredmedia":[{"embeddable":true,"href":"https:\/\/mybeesweets.com\/en\/wp-json\/wp\/v2\/media\/120"}],"wp:attachment":[{"href":"https:\/\/mybeesweets.com\/en\/wp-json\/wp\/v2\/media?parent=514"}],"curies":[{"name":"wp","href":"https:\/\/api.w.org\/{rel}","templated":true}]}}