{"id":552,"date":"2025-12-09T08:43:23","date_gmt":"2025-12-09T08:43:23","guid":{"rendered":"https:\/\/mybeesweets.com\/?page_id=552"},"modified":"2026-01-11T08:27:23","modified_gmt":"2026-01-11T08:27:23","slug":"viszel25","status":"publish","type":"page","link":"https:\/\/mybeesweets.com\/en\/viszel25\/","title":{"rendered":"Viszontelad\u00f3i \u00c1rlista 2026.01.01-t\u0151l"},"content":{"rendered":"","protected":true},"excerpt":{"rendered":"","protected":true},"author":1,"featured_media":0,"parent":0,"menu_order":0,"comment_status":"closed","ping_status":"closed","template":"","meta":{"footnotes":""},"class_list":["post-552","page","type-page","status-publish","post-password-required","hentry"],"jetpack_sharing_enabled":true,"_links":{"self":[{"href":"https:\/\/mybeesweets.com\/en\/wp-json\/wp\/v2\/pages\/552","targetHints":{"allow":["GET"]}}],"collection":[{"href":"https:\/\/mybeesweets.com\/en\/wp-json\/wp\/v2\/pages"}],"about":[{"href":"https:\/\/mybeesweets.com\/en\/wp-json\/wp\/v2\/types\/page"}],"author":[{"embeddable":true,"href":"https:\/\/mybeesweets.com\/en\/wp-json\/wp\/v2\/users\/1"}],"replies":[{"embeddable":true,"href":"https:\/\/mybeesweets.com\/en\/wp-json\/wp\/v2\/comments?post=552"}],"version-history":[{"count":7,"href":"https:\/\/mybeesweets.com\/en\/wp-json\/wp\/v2\/pages\/552\/revisions"}],"predecessor-version":[{"id":662,"href":"https:\/\/mybeesweets.com\/en\/wp-json\/wp\/v2\/pages\/552\/revisions\/662"}],"wp:attachment":[{"href":"https:\/\/mybeesweets.com\/en\/wp-json\/wp\/v2\/media?parent=552"}],"curies":[{"name":"wp","href":"https:\/\/api.w.org\/{rel}","templated":true}]}}