{"id":88,"date":"2025-10-16T11:45:33","date_gmt":"2025-10-16T11:45:33","guid":{"rendered":"https:\/\/mybeesweets.com\/?post_type=product&#038;p=88"},"modified":"2026-02-10T20:30:39","modified_gmt":"2026-02-10T20:30:39","slug":"meztejszinnel-toltott-etcsokolade","status":"publish","type":"product","link":"https:\/\/mybeesweets.com\/en\/product\/meztejszinnel-toltott-etcsokolade\/","title":{"rendered":"Honey and cream filled dark chocolate, 80g"},"content":{"rendered":"<p><b>Where dark temptation meets liquid gold!<\/b> Taste the deep, rich flavor of dark chocolate, melting in your mouth with a soft, creamy filling enriched with real honey. The natural aroma of honey delivers an exquisitely refined experience.<\/p>\n<p class=\"p1\">Ingredients: dark chocolate(cocoa mass, sugar, cocoa butter, emulsifier: <span style=\"text-decoration: underline;\"><strong>soy lecithin<\/strong><\/span>, natural vanilla), <span style=\"text-decoration: underline;\"><strong>milk powder<\/strong><\/span>, <span style=\"text-decoration: underline;\"><strong>cream<\/strong><\/span> , cukor, m\u00e9z, tart\u00f3s\u00edt\u00f3szer: k\u00e1lium-szorb\u00e1t(E202).<\/p>\n<h6>May contain nuts, peanuts, eggs, soy, cereals containing gluten, milk, mustard, sesame seeds and products made from them. Contains bee products.<\/h6>\n<p>Average nutrition value of 100g product:<\/p>\n<p>Energy (Kcal): 500<br \/>\nEnergy (Kj): 2102<br \/>\nFat (g): 31,8<br \/>\namelyb\u0151l tel\u00edtett zs\u00edrsavak (g): 18,6<br \/>\nCarbohydrate (g): 40,1<br \/>\namelyb\u0151l cukrok (g): 36,3<br \/>\nProtein (g): 9,7<br \/>\nSalt (g): 0,0<\/p>\n<p>Kiszerel\u00e9s: 80g t\u00e1bla<\/p>","protected":false},"excerpt":{"rendered":"<p><b>Where dark temptation meets liquid gold!<\/b> Taste the deep, rich flavor of dark chocolate, melting in your mouth with a soft, creamy filling enriched with real honey. The natural aroma of honey delivers an exquisitely refined experience.<\/p>","protected":false},"featured_media":578,"comment_status":"open","ping_status":"closed","template":"","meta":[],"product_brand":[],"product_cat":[37],"product_tag":[],"class_list":{"0":"post-88","1":"product","2":"type-product","3":"status-publish","4":"has-post-thumbnail","6":"product_cat-csokoladek","8":"first","9":"instock","10":"taxable","11":"shipping-taxable","12":"purchasable","13":"product-type-simple"},"jetpack_sharing_enabled":true,"_links":{"self":[{"href":"https:\/\/mybeesweets.com\/en\/wp-json\/wp\/v2\/product\/88","targetHints":{"allow":["GET"]}}],"collection":[{"href":"https:\/\/mybeesweets.com\/en\/wp-json\/wp\/v2\/product"}],"about":[{"href":"https:\/\/mybeesweets.com\/en\/wp-json\/wp\/v2\/types\/product"}],"replies":[{"embeddable":true,"href":"https:\/\/mybeesweets.com\/en\/wp-json\/wp\/v2\/comments?post=88"}],"wp:featuredmedia":[{"embeddable":true,"href":"https:\/\/mybeesweets.com\/en\/wp-json\/wp\/v2\/media\/578"}],"wp:attachment":[{"href":"https:\/\/mybeesweets.com\/en\/wp-json\/wp\/v2\/media?parent=88"}],"wp:term":[{"taxonomy":"product_brand","embeddable":true,"href":"https:\/\/mybeesweets.com\/en\/wp-json\/wp\/v2\/product_brand?post=88"},{"taxonomy":"product_cat","embeddable":true,"href":"https:\/\/mybeesweets.com\/en\/wp-json\/wp\/v2\/product_cat?post=88"},{"taxonomy":"product_tag","embeddable":true,"href":"https:\/\/mybeesweets.com\/en\/wp-json\/wp\/v2\/product_tag?post=88"}],"curies":[{"name":"wp","href":"https:\/\/api.w.org\/{rel}","templated":true}]}}