{"id":880,"date":"2026-02-16T07:58:19","date_gmt":"2026-02-16T07:58:19","guid":{"rendered":"https:\/\/mybeesweets.com\/?post_type=product&#038;p=880"},"modified":"2026-02-16T08:08:57","modified_gmt":"2026-02-16T08:08:57","slug":"viragporos-mezzel-toltott-etcsokolade-bonbon-60g","status":"publish","type":"product","link":"https:\/\/mybeesweets.com\/en\/product\/viragporos-mezzel-toltott-etcsokolade-bonbon-60g\/","title":{"rendered":"Dark chocolate bonbon with bee pollen and honey filling, 60g"},"content":{"rendered":"<div class=\"text-base my-auto mx-auto pt-3 [--thread-content-margin:--spacing(4)] @w-sm\/main:[--thread-content-margin:--spacing(6)] @w-lg\/main:[--thread-content-margin:--spacing(16)] px-(--thread-content-margin)\">\n<div class=\"[--thread-content-max-width:40rem] @w-lg\/main:[--thread-content-max-width:48rem] mx-auto max-w-(--thread-content-max-width) flex-1 group\/turn-messages focus-visible:outline-hidden relative flex w-full min-w-0 flex-col\" tabindex=\"-1\">\n<div class=\"flex max-w-full flex-col grow\">\n<div class=\"min-h-8 text-message relative flex w-full flex-col items-end gap-2 text-start break-words whitespace-normal [.text-message+&amp;]:mt-1\" dir=\"auto\" data-message-author-role=\"user\" data-message-id=\"8df8ef2a-8068-4b05-aebe-aa6c8e8e65c4\">\n<div class=\"flex w-full flex-col gap-1 empty:hidden items-end rtl:items-start\">\n<div class=\"user-message-bubble-color corner-superellipse\/1.1 relative rounded-[18px] px-4 py-1.5 data-[multiline]:py-3 max-w-[var(--user-chat-width,70%)]\" data-multiline=\"\">\n<div class=\"whitespace-pre-wrap\"><strong>Vir\u00e1gporos, m\u00e9zzel t\u00f6lt\u00f6tt \u00e9tcsokol\u00e1d\u00e9 bonbon. <\/strong>A term\u00e9szet aranyl\u00f3 \u00e9rint\u00e9se, \u00e9des sz\u00edvvel! K\u00f3stold meg ezt a k\u00fcl\u00f6nleges \u00e9tcsokol\u00e1d\u00e9 bonbont, melynek tetej\u00e9t a term\u00e9szet apr\u00f3 kincsei, a sz\u00ednes vir\u00e1gpor szemek d\u00edsz\u00edtik. A roppan\u00f3s, nemes \u00e9tcsokol\u00e1d\u00e9 h\u00e9j alatt egy l\u00e1gy, foly\u00e9kony val\u00f3di m\u00e9z t\u00f6ltel\u00e9k rejt\u0151zik. A vir\u00e1gpor enyhe, friss\u00edt\u0151 arom\u00e1ja izgalmas kontrasztot teremt a m\u00e9z \u00e9dess\u00e9g\u00e9vel \u00e9s az \u00e9tcsokol\u00e1d\u00e9 m\u00e9ly \u00edz\u00e9vel. Egy igazi \u00ednyencs\u00e9g, amely a term\u00e9szet sz\u00e9ps\u00e9g\u00e9t \u00e9s \u00edz\u00e9t egyes\u00edti egyetlen falatban.<\/div>\n<div><\/div>\n<\/div>\n<\/div>\n<\/div>\n<div>\u00d6sszetev\u0151k: \u00e9tcsokol\u00e1d\u00e9(kaka\u00f3massza, cukor, kaka\u00f3vaj, emulge\u00e1l\u00f3szer: <span style=\"text-decoration: underline;\"><strong>sz\u00f3jalecitin<\/strong><\/span>), <span style=\"text-decoration: underline;\"><strong>m\u00e9z<\/strong><\/span>, <span style=\"text-decoration: underline;\"><strong>vegyes vir\u00e1gpor<\/strong><\/span>.<\/div>\n<h6>Di\u00f3f\u00e9l\u00e9ket, f\u00f6ldimogyor\u00f3t, toj\u00e1st, sz\u00f3j\u00e1t, glut\u00e9nt tartalmaz\u00f3 gabonaf\u00e9l\u00e9ket, tejet, must\u00e1rt, szez\u00e1mmagot, \u00e9s bel\u0151l\u00fck k\u00e9sz\u00fclt term\u00e9keket tartalmazhat. M\u00e9h\u00e9szeti term\u00e9keket tartalmaz.<\/h6>\n<div>\n<p>\u00c1tlagos t\u00e1panyagtartalom 100g term\u00e9kben:<\/p>\n<p>Energia (Kcal): 448<br \/>\nEnergia (Kj): 1880<br \/>\nZs\u00edr (g): 21,4<br \/>\namelyb\u0151l tel\u00edtett zs\u00edrsavak (g): 12,8<br \/>\nSz\u00e9nhidr\u00e1t (g): 60,8<br \/>\namelyb\u0151l cukrok (g): 59,2<br \/>\nFeh\u00e9rje (g): 3,1<br \/>\nS\u00f3 (g): 0,0<\/p>\n<p>Kiszerel\u00e9s: 60g doboz (5 bonbon)<\/p>\n<\/div>\n<div>K\u00e9sz\u00fclt: Magyarorsz\u00e1gon.<\/div>\n<\/div>\n<\/div>\n<\/div>\n","protected":false},"excerpt":{"rendered":"<div class=\"text-base my-auto mx-auto pt-3 [--thread-content-margin:--spacing(4)] @w-sm\/main:[--thread-content-margin:--spacing(6)] @w-lg\/main:[--thread-content-margin:--spacing(16)] px-(--thread-content-margin)\">\n<div class=\"[--thread-content-max-width:40rem] @w-lg\/main:[--thread-content-max-width:48rem] mx-auto max-w-(--thread-content-max-width) flex-1 group\/turn-messages focus-visible:outline-hidden relative flex w-full min-w-0 flex-col\" tabindex=\"-1\">\n<div class=\"flex max-w-full flex-col grow\">\n<div class=\"min-h-8 text-message relative flex w-full flex-col items-end gap-2 text-start break-words whitespace-normal [.text-message+&amp;]:mt-1\" dir=\"auto\" data-message-author-role=\"user\" data-message-id=\"8df8ef2a-8068-4b05-aebe-aa6c8e8e65c4\">\n<div class=\"flex w-full flex-col gap-1 empty:hidden items-end rtl:items-start\">\n<div class=\"user-message-bubble-color corner-superellipse\/1.1 relative rounded-[18px] px-4 py-1.5 data-[multiline]:py-3 max-w-[var(--user-chat-width,70%)]\" data-multiline=\"\">\n<div class=\"whitespace-pre-wrap\">A term\u00e9szet aranyl\u00f3 \u00e9rint\u00e9se, \u00e9des sz\u00edvvel! K\u00f3stold meg ezt a k\u00fcl\u00f6nleges \u00e9tcsokol\u00e1d\u00e9 bonbont, melynek tetej\u00e9t a term\u00e9szet apr\u00f3 kincsei, a sz\u00ednes vir\u00e1gpor szemek d\u00edsz\u00edtik. A roppan\u00f3s, nemes \u00e9tcsokol\u00e1d\u00e9 h\u00e9j alatt egy l\u00e1gy, foly\u00e9kony val\u00f3di m\u00e9z t\u00f6ltel\u00e9k rejt\u0151zik. A vir\u00e1gpor enyhe, friss\u00edt\u0151 arom\u00e1ja izgalmas kontrasztot teremt a m\u00e9z \u00e9dess\u00e9g\u00e9vel \u00e9s az \u00e9tcsokol\u00e1d\u00e9 m\u00e9ly \u00edz\u00e9vel. Egy igazi \u00ednyencs\u00e9g, amely a term\u00e9szet sz\u00e9ps\u00e9g\u00e9t \u00e9s \u00edz\u00e9t egyes\u00edti egyetlen falatban.<\/div>\n<\/div>\n<\/div>\n<\/div>\n<\/div>\n<\/div>\n<\/div>\n","protected":false},"featured_media":881,"comment_status":"open","ping_status":"closed","template":"","meta":[],"product_brand":[],"product_cat":[37],"product_tag":[],"class_list":{"0":"post-880","1":"product","2":"type-product","3":"status-publish","4":"has-post-thumbnail","6":"product_cat-csokoladek","8":"first","9":"instock","10":"taxable","11":"shipping-taxable","12":"purchasable","13":"product-type-simple"},"jetpack_sharing_enabled":true,"_links":{"self":[{"href":"https:\/\/mybeesweets.com\/en\/wp-json\/wp\/v2\/product\/880","targetHints":{"allow":["GET"]}}],"collection":[{"href":"https:\/\/mybeesweets.com\/en\/wp-json\/wp\/v2\/product"}],"about":[{"href":"https:\/\/mybeesweets.com\/en\/wp-json\/wp\/v2\/types\/product"}],"replies":[{"embeddable":true,"href":"https:\/\/mybeesweets.com\/en\/wp-json\/wp\/v2\/comments?post=880"}],"wp:featuredmedia":[{"embeddable":true,"href":"https:\/\/mybeesweets.com\/en\/wp-json\/wp\/v2\/media\/881"}],"wp:attachment":[{"href":"https:\/\/mybeesweets.com\/en\/wp-json\/wp\/v2\/media?parent=880"}],"wp:term":[{"taxonomy":"product_brand","embeddable":true,"href":"https:\/\/mybeesweets.com\/en\/wp-json\/wp\/v2\/product_brand?post=880"},{"taxonomy":"product_cat","embeddable":true,"href":"https:\/\/mybeesweets.com\/en\/wp-json\/wp\/v2\/product_cat?post=880"},{"taxonomy":"product_tag","embeddable":true,"href":"https:\/\/mybeesweets.com\/en\/wp-json\/wp\/v2\/product_tag?post=880"}],"curies":[{"name":"wp","href":"https:\/\/api.w.org\/{rel}","templated":true}]}}