{"id":90,"date":"2025-10-16T11:46:22","date_gmt":"2025-10-16T11:46:22","guid":{"rendered":"https:\/\/mybeesweets.com\/?post_type=product&#038;p=90"},"modified":"2026-02-10T20:30:24","modified_gmt":"2026-02-10T20:30:24","slug":"meztejszinnel-toltott-tejcsokolade","status":"publish","type":"product","link":"https:\/\/mybeesweets.com\/en\/product\/meztejszinnel-toltott-tejcsokolade\/","title":{"rendered":"Honey and cream filled milk chocolate, 80g"},"content":{"rendered":"<p class=\"p1\"><b>The sweet secret of harmony: milk and honey!<\/b> Silky milk chocolate gently wraps around a creamy, luscious filling, made irresistible by the sweet, floral notes of real honey. A true gourmet bite that indulges you with nature\u2019s sweetness.<\/p>\n<p class=\"p1\">\u00d6sszetev\u0151k. tejcsokol\u00e1d\u00e9(cukor, kaka\u00f3massza, kaka\u00f3vaj, <span style=\"text-decoration: underline;\"><strong>zs\u00edros tejpor,<\/strong><\/span> emulge\u00e1l\u00f3szer: <span style=\"text-decoration: underline;\"><strong>soy lecithin<\/strong><\/span>, natural vanilla), <span style=\"text-decoration: underline;\"><strong>milk powder<\/strong><\/span>, <span style=\"text-decoration: underline;\"><strong>cream<\/strong><\/span>, cukor, m\u00e9z, tart\u00f3s\u00edt\u00f3szer: k\u00e1lium-szorb\u00e1t(E202).<\/p>\n<h6>May contain nuts, peanuts, eggs, soy, cereals containing gluten, milk, mustard, sesame seeds and products made from them. Contains bee products.<\/h6>\n<p>Average nutrition value of 100g product:<\/p>\n<p>Energia (Kcal): 510<br \/>\nEnergia (Kj): 2143<br \/>\nZs\u00edr (g): 31,5<br \/>\namelyb\u0151l tel\u00edtett zs\u00edrsavak (g): 18,6<br \/>\nSz\u00e9nhidr\u00e1t (g): 44,2<br \/>\namelyb\u0151l cukrok (g): 41,6<br \/>\nFeh\u00e9rje (g): 11,1<br \/>\nS\u00f3 (g): 0,2<\/p>\n<p>Kiszerel\u00e9s: 80g t\u00e1bla<\/p>","protected":false},"excerpt":{"rendered":"<p class=\"p1\"><b>The sweet secret of harmony: milk and honey!<\/b> Silky milk chocolate gently wraps around a creamy, luscious filling, made irresistible by the sweet, floral notes of real honey. A true gourmet bite that indulges you with nature\u2019s sweetness.<\/p>","protected":false},"featured_media":576,"comment_status":"open","ping_status":"closed","template":"","meta":[],"product_brand":[],"product_cat":[37],"product_tag":[],"class_list":{"0":"post-90","1":"product","2":"type-product","3":"status-publish","4":"has-post-thumbnail","6":"product_cat-csokoladek","8":"first","9":"instock","10":"taxable","11":"shipping-taxable","12":"purchasable","13":"product-type-simple"},"jetpack_sharing_enabled":true,"_links":{"self":[{"href":"https:\/\/mybeesweets.com\/en\/wp-json\/wp\/v2\/product\/90","targetHints":{"allow":["GET"]}}],"collection":[{"href":"https:\/\/mybeesweets.com\/en\/wp-json\/wp\/v2\/product"}],"about":[{"href":"https:\/\/mybeesweets.com\/en\/wp-json\/wp\/v2\/types\/product"}],"replies":[{"embeddable":true,"href":"https:\/\/mybeesweets.com\/en\/wp-json\/wp\/v2\/comments?post=90"}],"wp:featuredmedia":[{"embeddable":true,"href":"https:\/\/mybeesweets.com\/en\/wp-json\/wp\/v2\/media\/576"}],"wp:attachment":[{"href":"https:\/\/mybeesweets.com\/en\/wp-json\/wp\/v2\/media?parent=90"}],"wp:term":[{"taxonomy":"product_brand","embeddable":true,"href":"https:\/\/mybeesweets.com\/en\/wp-json\/wp\/v2\/product_brand?post=90"},{"taxonomy":"product_cat","embeddable":true,"href":"https:\/\/mybeesweets.com\/en\/wp-json\/wp\/v2\/product_cat?post=90"},{"taxonomy":"product_tag","embeddable":true,"href":"https:\/\/mybeesweets.com\/en\/wp-json\/wp\/v2\/product_tag?post=90"}],"curies":[{"name":"wp","href":"https:\/\/api.w.org\/{rel}","templated":true}]}}