{"id":94,"date":"2025-10-16T11:47:53","date_gmt":"2025-10-16T11:47:53","guid":{"rendered":"https:\/\/mybeesweets.com\/?post_type=product&#038;p=94"},"modified":"2026-02-10T20:29:42","modified_gmt":"2026-02-10T20:29:42","slug":"viragporral-szort-etcsokolade","status":"publish","type":"product","link":"https:\/\/mybeesweets.com\/en\/product\/viragporral-szort-etcsokolade\/","title":{"rendered":"Dark chocolate with bee pollen, 100g"},"content":{"rendered":"<p class=\"p1\"><b>Discover the hidden power of nature in one intense bite!<\/b> This rich, full-bodied dark chocolate is made from the finest cocoa beans, carefully blended with precious bee-collected pollen. Bee pollen is a true superfood, packed with energy, minerals, and immune-boosting components. Enjoy the deep, long-lasting taste of dark chocolate while your body is replenished with nature\u2019s beneficial power. An ideal choice for true chocolate lovers who care about their health as much as they do about flavor.<\/p>\n<p class=\"p1\">Ingredients: dark chocolate(cocoa mass, sugar, cocoa butter, emulsifier: <span style=\"text-decoration: underline;\"><strong>soy lecithin<\/strong><\/span>, natural vanilla), <span style=\"text-decoration: underline;\"><strong>mixed bee pollen<\/strong><\/span>.<\/p>\n<h6>May contain nuts, peanuts, eggs, soy, cereals containing gluten, milk, mustard, sesame seeds and products made from them. Contains bee products.<\/h6>\n<p>Average nutrition value of 100g product:<\/p>\n<p>Energia (Kcal): 524<br \/>\nEnergia (Kj): 2199<br \/>\nZs\u00edr (g): 33,2<br \/>\namelyb\u0151l tel\u00edtett zs\u00edrsavak (g): 19,8<br \/>\nSz\u00e9nhidr\u00e1t (g): 42,0<br \/>\namelyb\u0151l cukrok (g): 40,5<br \/>\nFeh\u00e9rje (g): 5,5<br \/>\nSalt (g): 0,0<\/p>\n<p>Kiszerel\u00e9s: 100g t\u00e1bla<\/p>","protected":false},"excerpt":{"rendered":"<p><b>Discover the hidden power of nature in one intense bite!<\/b> This rich, full-bodied dark chocolate is made from the finest cocoa beans, carefully blended with precious bee-collected pollen. Bee pollen is a true superfood, packed with energy, minerals, and immune-boosting components. Enjoy the deep, long-lasting taste of dark chocolate while your body is replenished with nature\u2019s beneficial power. An ideal choice for true chocolate lovers who care about their health as much as they do about flavor.<\/p>","protected":false},"featured_media":667,"comment_status":"open","ping_status":"closed","template":"","meta":[],"product_brand":[],"product_cat":[37],"product_tag":[],"class_list":{"0":"post-94","1":"product","2":"type-product","3":"status-publish","4":"has-post-thumbnail","6":"product_cat-csokoladek","8":"first","9":"instock","10":"taxable","11":"shipping-taxable","12":"purchasable","13":"product-type-simple"},"jetpack_sharing_enabled":true,"_links":{"self":[{"href":"https:\/\/mybeesweets.com\/en\/wp-json\/wp\/v2\/product\/94","targetHints":{"allow":["GET"]}}],"collection":[{"href":"https:\/\/mybeesweets.com\/en\/wp-json\/wp\/v2\/product"}],"about":[{"href":"https:\/\/mybeesweets.com\/en\/wp-json\/wp\/v2\/types\/product"}],"replies":[{"embeddable":true,"href":"https:\/\/mybeesweets.com\/en\/wp-json\/wp\/v2\/comments?post=94"}],"wp:featuredmedia":[{"embeddable":true,"href":"https:\/\/mybeesweets.com\/en\/wp-json\/wp\/v2\/media\/667"}],"wp:attachment":[{"href":"https:\/\/mybeesweets.com\/en\/wp-json\/wp\/v2\/media?parent=94"}],"wp:term":[{"taxonomy":"product_brand","embeddable":true,"href":"https:\/\/mybeesweets.com\/en\/wp-json\/wp\/v2\/product_brand?post=94"},{"taxonomy":"product_cat","embeddable":true,"href":"https:\/\/mybeesweets.com\/en\/wp-json\/wp\/v2\/product_cat?post=94"},{"taxonomy":"product_tag","embeddable":true,"href":"https:\/\/mybeesweets.com\/en\/wp-json\/wp\/v2\/product_tag?post=94"}],"curies":[{"name":"wp","href":"https:\/\/api.w.org\/{rel}","templated":true}]}}