{"id":96,"date":"2025-10-16T11:48:42","date_gmt":"2025-10-16T11:48:42","guid":{"rendered":"https:\/\/mybeesweets.com\/?post_type=product&#038;p=96"},"modified":"2026-02-10T20:29:24","modified_gmt":"2026-02-10T20:29:24","slug":"viragporral-szort-fehercsokolade","status":"publish","type":"product","link":"https:\/\/mybeesweets.com\/en\/product\/viragporral-szort-fehercsokolade\/","title":{"rendered":"White chocolate with bee pollen, 100g"},"content":{"rendered":"<p class=\"p1\"><b>Discover nature\u2019s hidden power in a single sweet moment!<\/b> This velvety white chocolate is made from the finest cocoa butter, gently blended with precious bee-collected pollen. Bee pollen is a true superfood, packed with energy, vitamins, and antioxidants. Enjoy the creamy, sweet taste of white chocolate while your body is replenished with nature\u2019s beneficial power. A perfect choice when you\u2019re craving a sweet indulgence and a touch of vitality.<\/p>\n<p class=\"p1\">\u00d6sszetev\u0151k: feh\u00e9rcsokol\u00e1d\u00e9(cukor, kaka\u00f3vaj, <span style=\"text-decoration: underline;\"><strong>zs\u00edros tejpor<\/strong><\/span>, emulge\u00e1l\u00f3szer: <span style=\"text-decoration: underline;\"><strong>soy lecithin<\/strong><\/span>, natural vanilla), <span style=\"text-decoration: underline;\"><strong>mixed bee pollen<\/strong><\/span>.<\/p>\n<h6>May contain nuts, peanuts, eggs, soy, cereals containing gluten, milk, mustard, sesame seeds and products made from them. Contains bee products.<\/h6>\n<p>Average nutrition value of 100g product:<\/p>\n<p>Energia (Kcal): 541<br \/>\nEnergia (Kj): 2271<br \/>\nZs\u00edr (g): 32,5<br \/>\namelyb\u0151l tel\u00edtett zs\u00edrsavak (g): 19,5<br \/>\nSz\u00e9nhidr\u00e1t (g): 50,8<br \/>\namelyb\u0151l cukrok (g): 50,8<br \/>\nFeh\u00e9rje (g): 6,3<br \/>\nS\u00f3 (g): 0,2<\/p>\n<p>Kiszerel\u00e9s: 100g t\u00e1bla<\/p>","protected":false},"excerpt":{"rendered":"<p><b>Discover nature\u2019s hidden power in a single sweet moment!<\/b> This velvety white chocolate is made from the finest cocoa butter, gently blended with precious bee-collected pollen. Bee pollen is a true superfood, packed with energy, vitamins, and antioxidants. Enjoy the creamy, sweet taste of white chocolate while your body is replenished with nature\u2019s beneficial power. A perfect choice when you\u2019re craving a sweet indulgence and a touch of vitality.<\/p>","protected":false},"featured_media":665,"comment_status":"open","ping_status":"closed","template":"","meta":[],"product_brand":[],"product_cat":[37],"product_tag":[],"class_list":{"0":"post-96","1":"product","2":"type-product","3":"status-publish","4":"has-post-thumbnail","6":"product_cat-csokoladek","8":"first","9":"instock","10":"taxable","11":"shipping-taxable","12":"purchasable","13":"product-type-simple"},"jetpack_sharing_enabled":true,"_links":{"self":[{"href":"https:\/\/mybeesweets.com\/en\/wp-json\/wp\/v2\/product\/96","targetHints":{"allow":["GET"]}}],"collection":[{"href":"https:\/\/mybeesweets.com\/en\/wp-json\/wp\/v2\/product"}],"about":[{"href":"https:\/\/mybeesweets.com\/en\/wp-json\/wp\/v2\/types\/product"}],"replies":[{"embeddable":true,"href":"https:\/\/mybeesweets.com\/en\/wp-json\/wp\/v2\/comments?post=96"}],"wp:featuredmedia":[{"embeddable":true,"href":"https:\/\/mybeesweets.com\/en\/wp-json\/wp\/v2\/media\/665"}],"wp:attachment":[{"href":"https:\/\/mybeesweets.com\/en\/wp-json\/wp\/v2\/media?parent=96"}],"wp:term":[{"taxonomy":"product_brand","embeddable":true,"href":"https:\/\/mybeesweets.com\/en\/wp-json\/wp\/v2\/product_brand?post=96"},{"taxonomy":"product_cat","embeddable":true,"href":"https:\/\/mybeesweets.com\/en\/wp-json\/wp\/v2\/product_cat?post=96"},{"taxonomy":"product_tag","embeddable":true,"href":"https:\/\/mybeesweets.com\/en\/wp-json\/wp\/v2\/product_tag?post=96"}],"curies":[{"name":"wp","href":"https:\/\/api.w.org\/{rel}","templated":true}]}}