{"id":97,"date":"2025-10-16T11:49:09","date_gmt":"2025-10-16T11:49:09","guid":{"rendered":"https:\/\/mybeesweets.com\/?post_type=product&#038;p=97"},"modified":"2026-02-10T20:29:14","modified_gmt":"2026-02-10T20:29:14","slug":"mezzel-toltott-etcsokolade","status":"publish","type":"product","link":"https:\/\/mybeesweets.com\/en\/product\/mezzel-toltott-etcsokolade\/","title":{"rendered":"Honey filled dark chocolate, 38g"},"content":{"rendered":"<p class=\"p1\"><b>The sweet treasure of dark elegance!<\/b> Taste the velvety, deep flavor of fine dark chocolate, paired with a heartwarming, real honey filling that flows like liquid gold. The honey\u2019s natural sweetness and the bold character of dark chocolate come together in perfect harmony to create a truly special taste experience. Let yourself be enchanted by this refined meeting of nature and chocolate!<br \/>\nThe silky sweetness of real honey and the robust character of dark chocolate invite you on an unforgettable journey of flavor.<br \/>\nThis refined flavor combination is a masterpiece of natural sweetness and the art of chocolate-making.<br \/>\nImmerse yourself in the golden sweetness of real honey and the velvety texture of premium dark chocolate!<\/p>\n<p class=\"p1\">Ingredients: dark chocolate(cocoa mass, sugar, cocoa butter, emulsifier: <b><i>soy lecithin<\/i><\/b>), honey.<\/p>\n<h6>May contain nuts, peanuts, eggs, soy, cereals containing gluten, milk, mustard, sesame seeds and products made from them. Contains bee products.<\/h6>\n<p>Average nutrition value of 100g product:<\/p>\n<p>Energia (Kcal): 486<br \/>\nEnergia (Kj): 2026<br \/>\nZs\u00edr (g): 29,0<br \/>\namelyb\u0151l tel\u00edtett zs\u00edrsavak (g): 17,4<br \/>\nSz\u00e9nhidr\u00e1t (g): 49,5<br \/>\namelyb\u0151l cukrok (g): 47,4<br \/>\nFeh\u00e9rje (g): 4,0<br \/>\nSalt (g): 0,0<\/p>\n<p>Packaging: 38g bar<\/p>","protected":false},"excerpt":{"rendered":"<p class=\"p1\"><b>The sweet treasure of dark elegance!<\/b> Taste the velvety, deep flavor of fine dark chocolate, paired with a heartwarming, real honey filling that flows like liquid gold. The honey\u2019s natural sweetness and the bold character of dark chocolate come together in perfect harmony to create a truly special taste experience. Let yourself be enchanted by this refined meeting of nature and chocolate!<br \/>\nThe silky sweetness of real honey and the robust character of dark chocolate invite you on an unforgettable journey of flavor.<br \/>\nThis refined flavor combination is a masterpiece of natural sweetness and the art of chocolate-making.<br \/>\nImmerse yourself in the golden sweetness of real honey and the velvety texture of premium dark chocolate!<\/p>","protected":false},"featured_media":568,"comment_status":"open","ping_status":"closed","template":"","meta":[],"product_brand":[],"product_cat":[37],"product_tag":[],"class_list":{"0":"post-97","1":"product","2":"type-product","3":"status-publish","4":"has-post-thumbnail","6":"product_cat-csokoladek","8":"first","9":"instock","10":"taxable","11":"shipping-taxable","12":"purchasable","13":"product-type-simple"},"jetpack_sharing_enabled":true,"_links":{"self":[{"href":"https:\/\/mybeesweets.com\/en\/wp-json\/wp\/v2\/product\/97","targetHints":{"allow":["GET"]}}],"collection":[{"href":"https:\/\/mybeesweets.com\/en\/wp-json\/wp\/v2\/product"}],"about":[{"href":"https:\/\/mybeesweets.com\/en\/wp-json\/wp\/v2\/types\/product"}],"replies":[{"embeddable":true,"href":"https:\/\/mybeesweets.com\/en\/wp-json\/wp\/v2\/comments?post=97"}],"wp:featuredmedia":[{"embeddable":true,"href":"https:\/\/mybeesweets.com\/en\/wp-json\/wp\/v2\/media\/568"}],"wp:attachment":[{"href":"https:\/\/mybeesweets.com\/en\/wp-json\/wp\/v2\/media?parent=97"}],"wp:term":[{"taxonomy":"product_brand","embeddable":true,"href":"https:\/\/mybeesweets.com\/en\/wp-json\/wp\/v2\/product_brand?post=97"},{"taxonomy":"product_cat","embeddable":true,"href":"https:\/\/mybeesweets.com\/en\/wp-json\/wp\/v2\/product_cat?post=97"},{"taxonomy":"product_tag","embeddable":true,"href":"https:\/\/mybeesweets.com\/en\/wp-json\/wp\/v2\/product_tag?post=97"}],"curies":[{"name":"wp","href":"https:\/\/api.w.org\/{rel}","templated":true}]}}