{"id":99,"date":"2025-10-16T11:49:46","date_gmt":"2025-10-16T11:49:46","guid":{"rendered":"https:\/\/mybeesweets.com\/?post_type=product&#038;p=99"},"modified":"2026-02-10T20:28:15","modified_gmt":"2026-02-10T20:28:15","slug":"mezkaramell","status":"publish","type":"product","link":"https:\/\/mybeesweets.com\/en\/product\/mezkaramell\/","title":{"rendered":"Honeycaramel"},"content":{"rendered":"<p class=\"p1\"><b>Caramel of creamy honey.<\/b> Indulge your taste buds with this special liquid caramel made with natural honey. During caramelization, the honey\u2019s natural sugars develop deep, rich flavors and a silky texture. A perfect choice when you crave a natural yet extraordinary sweet treat.<\/p>\n<p class=\"p1\">\u00d6sszetev\u0151k: m\u00e9z, <span style=\"text-decoration: underline;\"><strong>cream<\/strong><\/span>, <span style=\"text-decoration: underline;\"><strong>vaj<\/strong><\/span>, sz\u00f3dabikarb\u00f3na.<\/p>\n<h6>May contain nuts, peanuts, eggs, soy, cereals containing gluten, milk, mustard, sesame seeds and products made from them. Contains bee products.<\/h6>\n<p>Average nutrition value of 100g product:<\/p>\n<p>Energia (Kcal): 382<br \/>\nEnergia (Kj): 1606<br \/>\nZs\u00edr (g): 17,2<br \/>\namelyb\u0151l tel\u00edtett zs\u00edrsavak (g): 11,2<br \/>\nSz\u00e9nhidr\u00e1t (g): 61,3<br \/>\namelyb\u0151l cukrok (g): 61,3<br \/>\nFeh\u00e9rje (g): 0,5<br \/>\nS\u00f3 (g): 0,1<\/p>\n<p>Kiszerel\u00e9s: 200g \u00fcveg<\/p>","protected":false},"excerpt":{"rendered":"<p><b>Caramel of creamy honey.<\/b> Indulge your taste buds with this special liquid caramel made with natural honey. During caramelization, the honey\u2019s natural sugars develop deep, rich flavors and a silky texture. A perfect choice when you crave a natural yet extraordinary sweet treat.<\/p>","protected":false},"featured_media":571,"comment_status":"open","ping_status":"closed","template":"","meta":[],"product_brand":[],"product_cat":[38],"product_tag":[],"class_list":{"0":"post-99","1":"product","2":"type-product","3":"status-publish","4":"has-post-thumbnail","6":"product_cat-kenheto-edessegek","8":"first","9":"instock","10":"taxable","11":"shipping-taxable","12":"purchasable","13":"product-type-simple"},"jetpack_sharing_enabled":true,"_links":{"self":[{"href":"https:\/\/mybeesweets.com\/en\/wp-json\/wp\/v2\/product\/99","targetHints":{"allow":["GET"]}}],"collection":[{"href":"https:\/\/mybeesweets.com\/en\/wp-json\/wp\/v2\/product"}],"about":[{"href":"https:\/\/mybeesweets.com\/en\/wp-json\/wp\/v2\/types\/product"}],"replies":[{"embeddable":true,"href":"https:\/\/mybeesweets.com\/en\/wp-json\/wp\/v2\/comments?post=99"}],"wp:featuredmedia":[{"embeddable":true,"href":"https:\/\/mybeesweets.com\/en\/wp-json\/wp\/v2\/media\/571"}],"wp:attachment":[{"href":"https:\/\/mybeesweets.com\/en\/wp-json\/wp\/v2\/media?parent=99"}],"wp:term":[{"taxonomy":"product_brand","embeddable":true,"href":"https:\/\/mybeesweets.com\/en\/wp-json\/wp\/v2\/product_brand?post=99"},{"taxonomy":"product_cat","embeddable":true,"href":"https:\/\/mybeesweets.com\/en\/wp-json\/wp\/v2\/product_cat?post=99"},{"taxonomy":"product_tag","embeddable":true,"href":"https:\/\/mybeesweets.com\/en\/wp-json\/wp\/v2\/product_tag?post=99"}],"curies":[{"name":"wp","href":"https:\/\/api.w.org\/{rel}","templated":true}]}}